{"id":103,"date":"2021-11-05T01:33:10","date_gmt":"2021-11-05T01:33:10","guid":{"rendered":"https:\/\/gcingenieria.cl\/web\/?page_id=103"},"modified":"2022-01-07T02:46:40","modified_gmt":"2022-01-07T02:46:40","slug":"nuestros-proyectos","status":"publish","type":"page","link":"https:\/\/gcingenieria.cl\/web\/nuestros-proyectos\/","title":{"rendered":"Nuestros Proyectos"},"content":{"rendered":"\n<div class=\"alignnormal\"><div id=\"metaslider-id-435\" style=\"width: 100%;\" class=\"ml-slider-3-24-0 metaslider metaslider-flex metaslider-435 ml-slider\">\n    <div id=\"metaslider_container_435\">\n        <div id=\"metaslider_435\">\n            <ul aria-live=\"polite\" class=\"slides\">\n                <li style=\"display: block; width: 100%;\" class=\"slide-457 ms-image\"><img src=\"https:\/\/gcingenieria.cl\/web\/wp-content\/uploads\/2022\/01\/Slider_1.png\" height=\"300\" width=\"700\" alt=\"\" class=\"slider-435 slide-457\" title=\"Slider_1\" \/><\/li>\n                <li style=\"display: none; width: 100%;\" class=\"slide-458 ms-image\"><img src=\"https:\/\/gcingenieria.cl\/web\/wp-content\/uploads\/2022\/01\/Slider_2.png\" height=\"300\" width=\"700\" alt=\"\" class=\"slider-435 slide-458\" title=\"Slider_2\" \/><\/li>\n                <li style=\"display: none; width: 100%;\" class=\"slide-459 ms-image\"><img src=\"https:\/\/gcingenieria.cl\/web\/wp-content\/uploads\/2022\/01\/Slider_3.png\" height=\"300\" width=\"700\" alt=\"\" class=\"slider-435 slide-459\" title=\"Slider_3\" \/><\/li>\n                <li style=\"display: none; width: 100%;\" class=\"slide-460 ms-image\"><img src=\"https:\/\/gcingenieria.cl\/web\/wp-content\/uploads\/2022\/01\/Slider_4.png\" height=\"300\" width=\"700\" alt=\"\" class=\"slider-435 slide-460\" title=\"Slider_4\" \/><\/li>\n                <li style=\"display: none; width: 100%;\" class=\"slide-461 ms-image\"><img src=\"https:\/\/gcingenieria.cl\/web\/wp-content\/uploads\/2022\/01\/Slider_5.png\" height=\"300\" width=\"700\" alt=\"\" class=\"slider-435 slide-461\" title=\"Slider_5\" \/><\/li>\n                <li style=\"display: none; width: 100%;\" class=\"slide-462 ms-image\"><img src=\"https:\/\/gcingenieria.cl\/web\/wp-content\/uploads\/2022\/01\/Slider_6.png\" height=\"300\" width=\"700\" alt=\"\" class=\"slider-435 slide-462\" title=\"Slider_6\" \/><\/li>\n                <li style=\"display: none; width: 100%;\" class=\"slide-463 ms-image\"><img src=\"https:\/\/gcingenieria.cl\/web\/wp-content\/uploads\/2022\/01\/Slider_7.png\" height=\"300\" width=\"700\" alt=\"\" class=\"slider-435 slide-463\" title=\"Slider_7\" \/><\/li>\n                <li style=\"display: none; width: 100%;\" class=\"slide-464 ms-image\"><img src=\"https:\/\/gcingenieria.cl\/web\/wp-content\/uploads\/2022\/01\/Slider_8.png\" height=\"300\" width=\"700\" alt=\"\" class=\"slider-435 slide-464\" title=\"Slider_8\" \/><\/li>\n                <li style=\"display: none; width: 100%;\" class=\"slide-465 ms-image\"><img src=\"https:\/\/gcingenieria.cl\/web\/wp-content\/uploads\/2022\/01\/Slider_9.png\" height=\"300\" width=\"700\" alt=\"\" class=\"slider-435 slide-465\" title=\"Slider_9\" \/><\/li>\n            <\/ul>\n        <\/div>\n        \n    <\/div>\n<\/div><\/div>\n\n\n\n<p>Participaci\u00f3n con m\u00e1s de 10 a\u00f1os de experiencia en dise\u00f1os de proyectos para el \u00e1rea el\u00e9ctrica, automatizaci\u00f3n e instrumentaci\u00f3n para la industria minera, papel, oil &amp; gas, y alimentos e est\u00e1ndar minero.<\/p>\n\n\n\n<p><strong>PROYECTOS INGENIERIA Y CONTRUCCION ELECTRICA Y CONTROL<\/strong><\/p>\n\n\n\n<p><strong>A\u00f1o 2021<\/strong><\/p>\n\n\n\n<ul><li>Ingenier\u00eda de detalles para el dise\u00f1o de tableros de agrupamiento S\/E llanos de Viento, cliente Isotron.<\/li><li>Ingenier\u00eda de detalles para el dise\u00f1o de gabinetes SSAA, de Corriente alterna y Corriente Continua, para S\/E Elevadora y Seccionadora Parque Fotovoltaico Pampa Tigre. Cliente Isotron.<\/li><li>Ingenier\u00eda de detalle proyecto el\u00e9ctrico de fuerza, alumbrado y enchufes para bodegas de almacenamiento material, oficinas administrativas y sala de ventas. Cliente Punto El\u00e9ctrico.<\/li><\/ul>\n\n\n\n<p><strong>A\u00f1o 2020<\/strong><\/p>\n\n\n\n<ul><li>Suministro e instalaci\u00f3n el\u00e9ctrica e instrumentaci\u00f3n para planta de abatimiento de ars\u00e9nico Aconcagua. Las obras ejecutadas fueron canalizaciones en bandeja portaconductores, canalizaci\u00f3n en tuber\u00eda EMT, c.a.g. para fuerza, control y alumbrado, conjuntamente con esto cableado el\u00e9ctrico de fuerza y control e instrumentaci\u00f3n. Instalaci\u00f3n del sistema de respaldo de energ\u00eda con transferencia autom\u00e1tica de una potencia de 150KVA, grupo electr\u00f3geno y tablero de transferencia. Desarrollo de planos de As builts, y documentaci\u00f3n para presentaci\u00f3n e inscripci\u00f3n al SEC para una potencia de 150KVA. Cliente Vigaflow, para Sembcorp Aguas Chacabuco.<\/li><li>Levantamiento del sistema de arquitectura de comunicaciones industriales (cableados de Fibra \u00d3ptica, Ethernet, UTP Cat6). Desarrollo de todo el levantamiento f\u00edsico existente correspondiente a la red de comunicaci\u00f3n de los procesos de operaci\u00f3n para el sistema de la red el\u00e9ctrica de las S\/E El Arrayan, Sala de operaciones y S\/E Don Goyo correspondiente a Parque E\u00f3lico el Arrayan en la IV Regi\u00f3n.<\/li><\/ul>\n\n\n\n<p><strong>A\u00f1o 2019<\/strong><\/p>\n\n\n\n<ul><li>Construcci\u00f3n de normalizaci\u00f3n de obras el\u00e9ctrica de canalizaciones, cableado de fuerza y el aumento de potencia, para el Centro Penitenciario Femenino de San Miguel CPF.<\/li><li>Inspecci\u00f3n t\u00e9cnica de obras el\u00e9ctricas y corrientes d\u00e9biles para obra \u201cREMODELACI\u00d3N OFICINAS CASONA ALAMEDA CONGREGACI\u00d3N SALESIANA\u201d.<\/li><li>Automatizaci\u00f3n Planta de Agua Potable Ampliaci\u00f3n 18 Camas Inger.<\/li><li>Desarrollo de Ingenieria de detalles, suministro, montaje de canalizaciones, cableado, tablero de fuerza y control, programaci\u00f3n PLC y puesta en servicio.<\/li><li>Cliente Socointe, para el SSMO. Asesor\u00eda t\u00e9cnica estudio de cargas el\u00e9ctricas aeropuerto Carriel del Sur.<\/li><li>Desarrollo de estudios de potencias para S\/E existentes, nuevo proyecto el\u00e9ctrico aeropuerto Carriel Sur Concepci\u00f3n. Cliente Alercom Spa.<\/li><li>Instalaci\u00f3n el\u00e9ctrica de potencia para sistema de red de incendio banco central.<\/li><li>Desarrollo de ingenier\u00eda para el suministro e instalaci\u00f3n de tableros de fuerza, canalizaciones, cableado, y puesta en servicio para el sistema de la Red de Incendio del Banco Central de Chile. Cliente AMV, Banco Central de Chile.<\/li><li>Normalizaci\u00f3n sistema el\u00e9ctrica, realizado los trabajos de canalizaciones de bandejas ranuradas, soportaci\u00f3n, canalizaci\u00f3n en tuber\u00eda libre de hal\u00f3genos, EMT, c.a.g Ansi 80.1, cableado, montaje de equipos de iluminaci\u00f3n, montajes de tableros. Cliente AMV en dependencias del Centro Penitenciario Femenino San Miguel.<\/li><\/ul>\n\n\n\n<p><strong>A\u00f1o 2018<\/strong><\/p>\n\n\n\n<ul><li>Asesor\u00eda, normalizaci\u00f3n para gabinetes de banco de condensadores para el mejoramiento de Factor de Potencia, Cliente Vi\u00f1a Demartino, Planta Fundo Santa In\u00e9s. Isla de Maipo.<\/li><li>Asesor\u00eda y presentaci\u00f3n de anteproyecto y presupuesto de sistema fotovoltaico Off-Grind, para sistema de bombeo riego de parra en vi\u00f1as, en Isla de Maipo.<\/li><li>Asesor\u00eda y presentaci\u00f3n de anteproyecto y presupuesto de sistema fotovoltaico ON-Grind, para consumo planta proceso vitivin\u00edcola en vi\u00f1a, Pirqu\u00e9.<\/li><li>Asesor\u00eda y presentaci\u00f3n de anteproyecto y presupuesto de sistema fotovoltaico ON-Grind, para sistema de bombeo riego de parras uvas de exportaci\u00f3n, en Til Til.<\/li><li>Ingenieria B\u00e1sica para planta de Riles Coca Cola, Cliente Suez Medioambiente S.A<\/li><li>Ingenieria de detalles para el desarrollo de la automatizaci\u00f3n de apertura y cierre de compuertas de regad\u00edo a distancia de canales de regad\u00edo Ocoa, adem\u00e1s se utiliza en zonas de dif\u00edcil acceso energ\u00eda sustentable a trav\u00e9s de paneles fotovoltaicos, Ocoa, V regi\u00f3n.<\/li><li>Construcci\u00f3n el\u00e9ctrica de canalizaciones, cableado de fuerza y corrientes d\u00e9biles y aumento de potencia, para la ampliaci\u00f3n Modular para el Instituto Nacional de Geriatr\u00eda. Cliente Ingel S.A. para el SSMO.<\/li><\/ul>\n\n\n\n<p><strong>A\u00f1o 2017<\/strong><\/p>\n\n\n\n<ul><li>Revisi\u00f3n de bases de licitaci\u00f3n para el sistema de Automatizaci\u00f3n de compuertas para Sistema de riego, el cual debe incluir paneles fotovoltaicos para los lugares de dif\u00edcil acceso. Cliente Junta de Vigilancia Rio Putaento.<\/li><li>Desarrollo Ingenier\u00eda de detalles para la construcci\u00f3n de gabinetes de Servicios Auxiliares y cajas de agrupamiento, para S\/E Carrera Pinto. Cliente Eldu Ingenier\u00eda. Cliente final Transelec.<\/li><li>Consultor\u00eda, suministro e instalaci\u00f3n para el mejoramiento del factor de potencia (145Kvar), de bancos de condensadores existentes, Vi\u00f1a De Martino.<\/li><li>Construcci\u00f3n el\u00e9ctrica, control e instrumentaci\u00f3n de planta des mineralizadora agua ultra pura. Cliente Vigaflow. Cliente Final AES Gener.<\/li><li>Ingenier\u00eda y suministro de gabinetes el\u00e9ctricos para el sistema de Servicios Auxiliares (48Vdc-110Vdc y 380\/220Vac) para S\/E Diego de Almagro III Regi\u00f3n. Cliente Eldu Ingenier\u00edas SPA. Cliente final Transelec.<\/li><li>Construcci\u00f3n y montaje el\u00e9ctrico, canalizaciones, cableado, conexionado, pre comisionado, comisionado y apoyo puesta en servicio plantas de Osmosis Aguas Ultrapura, cliente Vigalow, Cliente final AES-Gener.<\/li><\/ul>\n\n\n\n<ul><li>Ingenier\u00eda de detalles y construcci\u00f3n el\u00e9ctrica de plantas de aguas de pretratamiento (Filtro de arena y carb\u00f3n) y proceso plantas de Osmosis y filtros de Ars\u00e9nico. Montaje de canalizaciones, tendido de cables de fuerza y control, instrumentaci\u00f3n conexionado, precomisionado, comisionado y apoyo a puesta en servicio. Cliente Vigaflow. Cliente final, Envases Central ECSA, Coca Cola del Valle.<\/li><li>Ingenier\u00eda de detalles para el suministro de gabinetes de distribuci\u00f3n de SSAA (110Vdc y 380Vac), S\/E Diego de Almagro III Regi\u00f3n. Cliente Eldu Ingenieria SPA. Cliente final Transelec.<\/li><li>Ingenier\u00eda de detalles para el suministro y montaje, sistema de comunicaci\u00f3n F.O. monomodo estaciones climatol\u00f3gicas, parque E\u00f3licos Enel, Calama.<\/li><\/ul>\n\n\n\n<p><strong>A\u00f1o 2015 &#8211; 2016<\/strong><\/p>\n\n\n\n<ul><li>Desarrollo Ingenier\u00eda de detalles y construcci\u00f3n el\u00e9ctrica e instrumentaci\u00f3n de plantas de filtros de ars\u00e9nico en la regi\u00f3n metropolitana (Lo Barnechea y Colina). Cliente Vigaflow (Cliente final Sermcorp Aguas Santiago).<\/li><li>Servicio de mantenci\u00f3n el\u00e9ctrica para condominio Cumbres de Nos, San Bernardo.<\/li><li>Desarrollo, Dise\u00f1o y programaci\u00f3n de tableros de fuerza y control, plantas de osmosis inversa, Cliente Cotaco.<\/li><\/ul>\n\n\n\n<p><strong>PROYECTOS INGENIERIA<\/strong>.<\/p>\n\n\n\n<p><strong>A\u00f1o 2015 &#8211; 2016<\/strong><\/p>\n\n\n\n<ul><li>Ingenier\u00eda el\u00e9ctrica de detalles para sistema de climatizaci\u00f3n Cesfam Cerro Navia. Cliente Dideing.<\/li><li>Ingenier\u00eda el\u00e9ctrica de detalles para sistema de climatizaci\u00f3n Tribunales de Justicia Av. Espa\u00f1a Santiago. Cliente Dideing. (Cliente Final Tribunales de Justicia).<\/li><li>Ingenier\u00eda el\u00e9ctrica y control de monitoreo, para Laboratorio Bioter\u00edo de la Pontificia Universidad Cat\u00f3lica de Chile. Cliente Dideing.(Pontificia Universidad Cat\u00f3lica de Chile, Facultad de Ciencias.)<\/li><li>Ingenier\u00eda y Dise\u00f1o control con controladores para sistemas de Osmosis Inversa, incluye control el\u00e9ctrico y programaci\u00f3n. Cliente Cotaco.<\/li><\/ul>\n\n\n\n<p><\/p>\n","protected":false},"excerpt":{"rendered":"<p>Participaci\u00f3n con m\u00e1s de 10 a\u00f1os de experiencia en dise\u00f1os de proyectos para el \u00e1rea el\u00e9ctrica, automatizaci\u00f3n e instrumentaci\u00f3n para la industria minera, papel, oil &amp; gas, y alimentos e est\u00e1ndar minero. PROYECTOS INGENIERIA Y CONTRUCCION ELECTRICA Y CONTROL A\u00f1o 2021 Ingenier\u00eda de detalles para el dise\u00f1o de tableros de agrupamiento S\/E llanos de Viento, [&hellip;]<\/p>\n","protected":false},"author":1,"featured_media":0,"parent":0,"menu_order":0,"comment_status":"closed","ping_status":"closed","template":"templates\/fullwidth.php","meta":[],"_links":{"self":[{"href":"https:\/\/gcingenieria.cl\/web\/wp-json\/wp\/v2\/pages\/103"}],"collection":[{"href":"https:\/\/gcingenieria.cl\/web\/wp-json\/wp\/v2\/pages"}],"about":[{"href":"https:\/\/gcingenieria.cl\/web\/wp-json\/wp\/v2\/types\/page"}],"author":[{"embeddable":true,"href":"https:\/\/gcingenieria.cl\/web\/wp-json\/wp\/v2\/users\/1"}],"replies":[{"embeddable":true,"href":"https:\/\/gcingenieria.cl\/web\/wp-json\/wp\/v2\/comments?post=103"}],"version-history":[{"count":5,"href":"https:\/\/gcingenieria.cl\/web\/wp-json\/wp\/v2\/pages\/103\/revisions"}],"predecessor-version":[{"id":467,"href":"https:\/\/gcingenieria.cl\/web\/wp-json\/wp\/v2\/pages\/103\/revisions\/467"}],"wp:attachment":[{"href":"https:\/\/gcingenieria.cl\/web\/wp-json\/wp\/v2\/media?parent=103"}],"curies":[{"name":"wp","href":"https:\/\/api.w.org\/{rel}","templated":true}]}}