{"id":20,"date":"2021-11-03T03:16:35","date_gmt":"2021-11-03T03:16:35","guid":{"rendered":"https:\/\/gcingenieria.cl\/web\/?page_id=20"},"modified":"2022-01-06T02:56:52","modified_gmt":"2022-01-06T02:56:52","slug":"servicios","status":"publish","type":"page","link":"https:\/\/gcingenieria.cl\/web\/servicios\/","title":{"rendered":"Servicios"},"content":{"rendered":"\n<p>El \u00e1rea el\u00e9ctrica, automatizaci\u00f3n, comunicaci\u00f3n y ERNC es hoy en d\u00eda primordial para el desarrollo del proceso de continuidad de producci\u00f3n de una empresa es por ello que se hace fundamental contar con infraestructura que permita una conectividad confiable, r\u00e1pida y segura.<\/p>\n\n\n\n<p>GC Ingenier\u00eda brinda los servicios de Ingenier\u00eda, Montaje El\u00e9ctrico, automatizaci\u00f3n industrial, comunicaci\u00f3n industrial (FP, CCTV, Sistemas de detecci\u00f3n Incendio, intrusi\u00f3n, acceso).<\/p>\n\n\n\n<p><\/p>\n\n\n\n<p><strong>A. INGENIER\u00cdA.-<\/strong><\/p>\n\n\n\n<p>\u2022 Coordinaci\u00f3n con cliente.<\/p>\n\n\n\n<p>\u2022 Levantamiento en campo de la especialidad El\u00e9ctrica e instrumentaci\u00f3n automatizaci\u00f3n.<\/p>\n\n\n\n<p>\u2022 Levantamiento de tableros el\u00e9ctricos, PLC, y todo lo relacionado en esta \u00e1rea.<\/p>\n\n\n\n<p>\u2022 Mediciones el\u00e9ctricas.<\/p>\n\n\n\n<p>\u2022 Dise\u00f1o de planos con Ingenier\u00eda.<\/p>\n\n\n\n<p>\u2022 Dise\u00f1o de documentos.<\/p>\n\n\n\n<p>\u2022 Planos Finales As- Builts<\/p>\n\n\n\n<p>\u2022 Entrega de planos f\u00edsico y digital<\/p>\n\n\n\n<p>\u2022 Documentos de Cubicaci\u00f3n de materiales, equipos, cableado, presupuesto.<\/p>\n\n\n\n<p><strong>B. CONSULTORIA.-<\/strong><\/p>\n\n\n\n<p><strong><em>B.1 Asesor\u00eda en Proyectos Industriales.<\/em><\/strong><\/p>\n\n\n\n<p>\u2022 Documentos. \u2022 Informes.<\/p>\n\n\n\n<p>\u2022 Mediciones. <\/p>\n\n\n\n<p>\u2022 Planos.<\/p>\n\n\n\n<p>\u2022 Protocolos.<\/p>\n\n\n\n<p>\u2022 Construcci\u00f3n.<\/p>\n\n\n\n<p><strong><em>B.2. CONSTRUCCI\u00d3N PLANTA INTERNA Y EXTERNA.<\/em><\/strong><\/p>\n\n\n\n<p>\u2022 Tendido de Cables.<\/p>\n\n\n\n<p>\u2022 Canalizaciones.<\/p>\n\n\n\n<p>\u2022 Gesti\u00f3n de Permisos.<\/p>\n\n\n\n<p>\u2022 Puesta en servicio.<\/p>\n\n\n\n<p>\u2022 Programaci\u00f3n PLC. <\/p>\n\n\n\n<p>\u2022 Gesti\u00f3n Administrativa y de Procesos<\/p>\n\n\n\n<p><\/p>\n","protected":false},"excerpt":{"rendered":"<p>El \u00e1rea el\u00e9ctrica, automatizaci\u00f3n, comunicaci\u00f3n y ERNC es hoy en d\u00eda primordial para el desarrollo del proceso de continuidad de producci\u00f3n de una empresa es por ello que se hace fundamental contar con infraestructura que permita una conectividad confiable, r\u00e1pida y segura. GC Ingenier\u00eda brinda los servicios de Ingenier\u00eda, Montaje El\u00e9ctrico, automatizaci\u00f3n industrial, comunicaci\u00f3n industrial [&hellip;]<\/p>\n","protected":false},"author":1,"featured_media":0,"parent":0,"menu_order":0,"comment_status":"closed","ping_status":"closed","template":"templates\/fullwidth.php","meta":[],"_links":{"self":[{"href":"https:\/\/gcingenieria.cl\/web\/wp-json\/wp\/v2\/pages\/20"}],"collection":[{"href":"https:\/\/gcingenieria.cl\/web\/wp-json\/wp\/v2\/pages"}],"about":[{"href":"https:\/\/gcingenieria.cl\/web\/wp-json\/wp\/v2\/types\/page"}],"author":[{"embeddable":true,"href":"https:\/\/gcingenieria.cl\/web\/wp-json\/wp\/v2\/users\/1"}],"replies":[{"embeddable":true,"href":"https:\/\/gcingenieria.cl\/web\/wp-json\/wp\/v2\/comments?post=20"}],"version-history":[{"count":8,"href":"https:\/\/gcingenieria.cl\/web\/wp-json\/wp\/v2\/pages\/20\/revisions"}],"predecessor-version":[{"id":379,"href":"https:\/\/gcingenieria.cl\/web\/wp-json\/wp\/v2\/pages\/20\/revisions\/379"}],"wp:attachment":[{"href":"https:\/\/gcingenieria.cl\/web\/wp-json\/wp\/v2\/media?parent=20"}],"curies":[{"name":"wp","href":"https:\/\/api.w.org\/{rel}","templated":true}]}}