{"id":22,"date":"2021-11-03T03:16:35","date_gmt":"2021-11-03T03:16:35","guid":{"rendered":"https:\/\/gcingenieria.cl\/web\/?page_id=22"},"modified":"2022-03-12T14:03:43","modified_gmt":"2022-03-12T14:03:43","slug":"contacto","status":"publish","type":"page","link":"https:\/\/gcingenieria.cl\/web\/contacto\/","title":{"rendered":"Cont\u00e1ctenos"},"content":{"rendered":"\n<div class=\"wp-block-columns is-layout-flex wp-container-3\">\n<div class=\"wp-block-column is-layout-flow\">\n<figure class=\"wp-block-image size-large\"><img decoding=\"async\" loading=\"lazy\" width=\"1024\" height=\"576\" src=\"https:\/\/gcingenieria.cl\/web\/wp-content\/uploads\/2022\/01\/IMG_20170602_163547156_HDR-1024x576.jpg\" alt=\"\" class=\"wp-image-368\" srcset=\"https:\/\/gcingenieria.cl\/web\/wp-content\/uploads\/2022\/01\/IMG_20170602_163547156_HDR-1024x576.jpg 1024w, https:\/\/gcingenieria.cl\/web\/wp-content\/uploads\/2022\/01\/IMG_20170602_163547156_HDR-300x169.jpg 300w, https:\/\/gcingenieria.cl\/web\/wp-content\/uploads\/2022\/01\/IMG_20170602_163547156_HDR-768x432.jpg 768w, https:\/\/gcingenieria.cl\/web\/wp-content\/uploads\/2022\/01\/IMG_20170602_163547156_HDR-1536x864.jpg 1536w, https:\/\/gcingenieria.cl\/web\/wp-content\/uploads\/2022\/01\/IMG_20170602_163547156_HDR-2048x1152.jpg 2048w\" sizes=\"(max-width: 1024px) 100vw, 1024px\" \/><\/figure>\n<\/div>\n\n\n\n<div class=\"wp-block-column is-layout-flow\">\n<p>Ingenier\u00eda El\u00e9ctrica y Automatizaci\u00f3n Guillermo Cabello E.I.R.L.<\/p>\n\n\n\n<p>Independencia 1142, Puente Alto, Santiago<\/p>\n\n\n\n<p>E: contacto@gcingenieria.cl<\/p>\n\n\n\n<p>T: +562 3345 0853<\/p>\n\n\n\n<p>M: +569 8211 0934<\/p>\n<\/div>\n<\/div>\n\n\n\n<p><\/p>\n","protected":false},"excerpt":{"rendered":"<p>Ingenier\u00eda El\u00e9ctrica y Automatizaci\u00f3n Guillermo Cabello E.I.R.L. Independencia 1142, Puente Alto, Santiago E: contacto@gcingenieria.cl T: +562 3345 0853 M: +569 8211 0934<\/p>\n","protected":false},"author":1,"featured_media":0,"parent":0,"menu_order":0,"comment_status":"closed","ping_status":"closed","template":"templates\/fullwidth.php","meta":[],"_links":{"self":[{"href":"https:\/\/gcingenieria.cl\/web\/wp-json\/wp\/v2\/pages\/22"}],"collection":[{"href":"https:\/\/gcingenieria.cl\/web\/wp-json\/wp\/v2\/pages"}],"about":[{"href":"https:\/\/gcingenieria.cl\/web\/wp-json\/wp\/v2\/types\/page"}],"author":[{"embeddable":true,"href":"https:\/\/gcingenieria.cl\/web\/wp-json\/wp\/v2\/users\/1"}],"replies":[{"embeddable":true,"href":"https:\/\/gcingenieria.cl\/web\/wp-json\/wp\/v2\/comments?post=22"}],"version-history":[{"count":19,"href":"https:\/\/gcingenieria.cl\/web\/wp-json\/wp\/v2\/pages\/22\/revisions"}],"predecessor-version":[{"id":529,"href":"https:\/\/gcingenieria.cl\/web\/wp-json\/wp\/v2\/pages\/22\/revisions\/529"}],"wp:attachment":[{"href":"https:\/\/gcingenieria.cl\/web\/wp-json\/wp\/v2\/media?parent=22"}],"curies":[{"name":"wp","href":"https:\/\/api.w.org\/{rel}","templated":true}]}}