{"id":382,"date":"2022-01-06T03:09:51","date_gmt":"2022-01-06T03:09:51","guid":{"rendered":"https:\/\/gcingenieria.cl\/web\/?page_id=382"},"modified":"2022-01-06T03:09:51","modified_gmt":"2022-01-06T03:09:51","slug":"ingenieria","status":"publish","type":"page","link":"https:\/\/gcingenieria.cl\/web\/ingenieria\/","title":{"rendered":"Ingenier\u00eda"},"content":{"rendered":"\n<div class=\"wp-block-columns is-layout-flex wp-container-3\">\n<div class=\"wp-block-column is-layout-flow\">\n<figure class=\"wp-block-image size-large is-resized\"><img decoding=\"async\" loading=\"lazy\" src=\"https:\/\/gcingenieria.cl\/web\/wp-content\/uploads\/2022\/01\/SAM_6616-scaled-e1641438142902-1024x650.jpg\" alt=\"\" class=\"wp-image-383\" width=\"422\" height=\"267\" srcset=\"https:\/\/gcingenieria.cl\/web\/wp-content\/uploads\/2022\/01\/SAM_6616-scaled-e1641438142902-1024x650.jpg 1024w, https:\/\/gcingenieria.cl\/web\/wp-content\/uploads\/2022\/01\/SAM_6616-scaled-e1641438142902-300x190.jpg 300w, https:\/\/gcingenieria.cl\/web\/wp-content\/uploads\/2022\/01\/SAM_6616-scaled-e1641438142902-768x488.jpg 768w, https:\/\/gcingenieria.cl\/web\/wp-content\/uploads\/2022\/01\/SAM_6616-scaled-e1641438142902-1536x975.jpg 1536w, https:\/\/gcingenieria.cl\/web\/wp-content\/uploads\/2022\/01\/SAM_6616-scaled-e1641438142902-2048x1300.jpg 2048w\" sizes=\"(max-width: 422px) 100vw, 422px\" \/><\/figure>\n<\/div>\n\n\n\n<div class=\"wp-block-column is-layout-flow\">\n<p><strong>INGENIER\u00cdA.-<\/strong><\/p>\n\n\n\n<p class=\"has-drop-cap\">\u2022 Coordinaci\u00f3n con cliente.<\/p>\n\n\n\n<p>\u2022 Levantamiento en campo de la especialidad El\u00e9ctrica e instrumentaci\u00f3n automatizaci\u00f3n.<\/p>\n\n\n\n<p>\u2022 Levantamiento de tableros el\u00e9ctricos, PLC, y todo lo relacionado en esta \u00e1rea.<\/p>\n\n\n\n<p>\u2022 Mediciones el\u00e9ctricas.<\/p>\n\n\n\n<p>\u2022 Dise\u00f1o de planos con Ingenier\u00eda.<\/p>\n\n\n\n<p>\u2022 Dise\u00f1o de documentos.<\/p>\n\n\n\n<p>\u2022 Planos Finales As- Builts<\/p>\n\n\n\n<p>\u2022 Entrega de planos f\u00edsico y digital<\/p>\n\n\n\n<p>\u2022 Documentos de Cubicaci\u00f3n de materiales, equipos, cableado, presupuesto.<\/p>\n<\/div>\n<\/div>\n","protected":false},"excerpt":{"rendered":"<p>INGENIER\u00cdA.- \u2022 Coordinaci\u00f3n con cliente. \u2022 Levantamiento en campo de la especialidad El\u00e9ctrica e instrumentaci\u00f3n automatizaci\u00f3n. \u2022 Levantamiento de tableros el\u00e9ctricos, PLC, y todo lo relacionado en esta \u00e1rea. \u2022 Mediciones el\u00e9ctricas. \u2022 Dise\u00f1o de planos con Ingenier\u00eda. \u2022 Dise\u00f1o de documentos. \u2022 Planos Finales As- Builts \u2022 Entrega de planos f\u00edsico y digital \u2022 [&hellip;]<\/p>\n","protected":false},"author":1,"featured_media":0,"parent":0,"menu_order":0,"comment_status":"closed","ping_status":"closed","template":"templates\/fullwidth.php","meta":[],"_links":{"self":[{"href":"https:\/\/gcingenieria.cl\/web\/wp-json\/wp\/v2\/pages\/382"}],"collection":[{"href":"https:\/\/gcingenieria.cl\/web\/wp-json\/wp\/v2\/pages"}],"about":[{"href":"https:\/\/gcingenieria.cl\/web\/wp-json\/wp\/v2\/types\/page"}],"author":[{"embeddable":true,"href":"https:\/\/gcingenieria.cl\/web\/wp-json\/wp\/v2\/users\/1"}],"replies":[{"embeddable":true,"href":"https:\/\/gcingenieria.cl\/web\/wp-json\/wp\/v2\/comments?post=382"}],"version-history":[{"count":1,"href":"https:\/\/gcingenieria.cl\/web\/wp-json\/wp\/v2\/pages\/382\/revisions"}],"predecessor-version":[{"id":385,"href":"https:\/\/gcingenieria.cl\/web\/wp-json\/wp\/v2\/pages\/382\/revisions\/385"}],"wp:attachment":[{"href":"https:\/\/gcingenieria.cl\/web\/wp-json\/wp\/v2\/media?parent=382"}],"curies":[{"name":"wp","href":"https:\/\/api.w.org\/{rel}","templated":true}]}}